{"id":143,"date":"2022-05-20T19:00:55","date_gmt":"2022-05-20T19:00:55","guid":{"rendered":"https:\/\/showmeyourfriends.org\/sus-amigos\/"},"modified":"2024-06-26T13:40:30","modified_gmt":"2024-06-26T13:40:30","slug":"sus-amigos","status":"publish","type":"page","link":"https:\/\/showmeyourfriends.org\/es\/sus-amigos\/","title":{"rendered":"Sus Amigos"},"content":{"rendered":"<p>Con amigos as\u00ed, est\u00e1 claro cu\u00e1les son los intereses de los candidatos republicanos.<\/p>\n<p>El Partido Republicano, desde la c\u00fapula hasta la base, se ha radicalizado y ahora le sirve exclusivamente a ese sector electoral extremista y ruidoso liderado por Trump. El expresidente ha dejado muy claro que su visi\u00f3n de pa\u00eds es una en la que se producen deportaciones masivas de migrantes que han construido sus vidas aqu\u00ed. Y campos de detenci\u00f3n que albergar\u00edan a millones de solicitantes de asilo que simplemente buscan seguridad.<\/p>\n<p>Y las \u00e9lites republicanas se han mostrado cada vez m\u00e1s dispuestas a asociarse con el racismo y la xenofobia de Trump. Durante la campa\u00f1a, han preferido artima\u00f1as pol\u00edticas divisivas y lenguaje incendiario a soluciones reales.<\/p>\n<p>Otros republicanos electos se asocian con nacionalistas blancos, se hacen eco de terroristas dom\u00e9sticos y promueven mentiras racistas. Las acciones de estos congresistas republicanos amenazan la seguridad y la prosperidad de nuestras comunidades.<\/p>\n","protected":false},"excerpt":{"rendered":"<p>Con amigos as\u00ed, est\u00e1 claro cu\u00e1les son los intereses de los candidatos republicanos. El Partido Republicano, desde la c\u00fapula hasta la base, se ha radicalizado y ahora le sirve exclusivamente a ese sector electoral extremista y ruidoso liderado por Trump. El expresidente ha dejado muy claro que su visi\u00f3n de pa\u00eds es una en la &hellip; <\/p>\n<p class=\"link-more\"><a href=\"https:\/\/showmeyourfriends.org\/es\/sus-amigos\/\" class=\"more-link\">Continue reading<span class=\"screen-reader-text\"> \u00abSus Amigos\u00bb<\/span><\/a><\/p>\n","protected":false},"author":2,"featured_media":0,"parent":0,"menu_order":0,"comment_status":"closed","ping_status":"closed","template":"page-friends.php","meta":{"_acf_changed":false,"footnotes":""},"class_list":["post-143","page","type-page","status-publish","hentry"],"acf":[],"yoast_head":"<title>Sus Amigos | Dime con qui\u00e9n andas, y te dir\u00e9 qui\u00e9n eres<\/title>\n<meta name=\"robots\" content=\"index, follow, max-snippet:-1, max-image-preview:large, max-video-preview:-1\" \/>\n<link rel=\"canonical\" href=\"https:\/\/showmeyourfriends.org\/es\/sus-amigos\/\" \/>\n<meta property=\"og:locale\" content=\"es_ES\" \/>\n<meta property=\"og:type\" content=\"article\" \/>\n<meta property=\"og:title\" content=\"Sus Amigos | Dime con qui\u00e9n andas, y te dir\u00e9 qui\u00e9n eres\" \/>\n<meta property=\"og:description\" content=\"Con amigos as\u00ed, est\u00e1 claro cu\u00e1les son los intereses de los candidatos republicanos. El Partido Republicano, desde la c\u00fapula hasta la base, se ha radicalizado y ahora le sirve exclusivamente a ese sector electoral extremista y ruidoso liderado por Trump. El expresidente ha dejado muy claro que su visi\u00f3n de pa\u00eds es una en la &hellip; Continue reading &quot;Sus Amigos&quot;\" \/>\n<meta property=\"og:url\" content=\"https:\/\/showmeyourfriends.org\/es\/sus-amigos\/\" \/>\n<meta property=\"og:site_name\" content=\"Dime con qui\u00e9n andas, y te dir\u00e9 qui\u00e9n eres\" \/>\n<meta property=\"article:publisher\" content=\"https:\/\/www.facebook.com\/americasvoice\" \/>\n<meta property=\"article:modified_time\" content=\"2024-06-26T13:40:30+00:00\" \/>\n<meta property=\"og:image\" content=\"https:\/\/showmeyourfriends.org\/wp-content\/uploads\/2024\/07\/og-image-dime.jpg\" \/>\n\t<meta property=\"og:image:width\" content=\"1200\" \/>\n\t<meta property=\"og:image:height\" content=\"630\" \/>\n\t<meta property=\"og:image:type\" content=\"image\/jpeg\" \/>\n<meta name=\"twitter:card\" content=\"summary_large_image\" \/>\n<meta name=\"twitter:site\" content=\"@americasvoice\" \/>\n<meta name=\"twitter:label1\" content=\"Tiempo de lectura\" \/>\n\t<meta name=\"twitter:data1\" content=\"1 minuto\" \/>\n<script type=\"application\/ld+json\" class=\"yoast-schema-graph\">{\"@context\":\"https:\/\/schema.org\",\"@graph\":[{\"@type\":\"WebPage\",\"@id\":\"https:\/\/showmeyourfriends.org\/es\/sus-amigos\/\",\"url\":\"https:\/\/showmeyourfriends.org\/es\/sus-amigos\/\",\"name\":\"Sus Amigos | Dime con qui\u00e9n andas, y te dir\u00e9 qui\u00e9n eres\",\"isPartOf\":{\"@id\":\"https:\/\/showmeyourfriends.org\/es\/#website\"},\"datePublished\":\"2022-05-20T19:00:55+00:00\",\"dateModified\":\"2024-06-26T13:40:30+00:00\",\"breadcrumb\":{\"@id\":\"https:\/\/showmeyourfriends.org\/es\/sus-amigos\/#breadcrumb\"},\"inLanguage\":\"es\",\"potentialAction\":[{\"@type\":\"ReadAction\",\"target\":[\"https:\/\/showmeyourfriends.org\/es\/sus-amigos\/\"]}]},{\"@type\":\"BreadcrumbList\",\"@id\":\"https:\/\/showmeyourfriends.org\/es\/sus-amigos\/#breadcrumb\",\"itemListElement\":[{\"@type\":\"ListItem\",\"position\":1,\"name\":\"Home\",\"item\":\"https:\/\/showmeyourfriends.org\/es\/\"},{\"@type\":\"ListItem\",\"position\":2,\"name\":\"Sus Amigos\"}]},{\"@type\":\"WebSite\",\"@id\":\"https:\/\/showmeyourfriends.org\/es\/#website\",\"url\":\"https:\/\/showmeyourfriends.org\/es\/\",\"name\":\"Dime con qui\u00e9n andas, y te dir\u00e9 qui\u00e9n eres\",\"description\":\"Show me your friends and I will show you who you are\",\"publisher\":{\"@id\":\"https:\/\/showmeyourfriends.org\/es\/#organization\"},\"potentialAction\":[{\"@type\":\"SearchAction\",\"target\":{\"@type\":\"EntryPoint\",\"urlTemplate\":\"https:\/\/showmeyourfriends.org\/es\/?s={search_term_string}\"},\"query-input\":{\"@type\":\"PropertyValueSpecification\",\"valueRequired\":true,\"valueName\":\"search_term_string\"}}],\"inLanguage\":\"es\"},{\"@type\":\"Organization\",\"@id\":\"https:\/\/showmeyourfriends.org\/es\/#organization\",\"name\":\"America's Voice\",\"url\":\"https:\/\/showmeyourfriends.org\/es\/\",\"logo\":{\"@type\":\"ImageObject\",\"inLanguage\":\"es\",\"@id\":\"https:\/\/showmeyourfriends.org\/es\/#\/schema\/logo\/image\/\",\"url\":\"https:\/\/showmeyourfriends.org\/wp-content\/uploads\/2022\/06\/av-logo.png\",\"contentUrl\":\"https:\/\/showmeyourfriends.org\/wp-content\/uploads\/2022\/06\/av-logo.png\",\"width\":3834,\"height\":1939,\"caption\":\"America's Voice\"},\"image\":{\"@id\":\"https:\/\/showmeyourfriends.org\/es\/#\/schema\/logo\/image\/\"},\"sameAs\":[\"https:\/\/www.facebook.com\/americasvoice\",\"https:\/\/x.com\/americasvoice\"]}]}<\/script>","yoast_head_json":{"title":"Sus Amigos | Dime con qui\u00e9n andas, y te dir\u00e9 qui\u00e9n eres","robots":{"index":"index","follow":"follow","max-snippet":"max-snippet:-1","max-image-preview":"max-image-preview:large","max-video-preview":"max-video-preview:-1"},"canonical":"https:\/\/showmeyourfriends.org\/es\/sus-amigos\/","og_locale":"es_ES","og_type":"article","og_title":"Sus Amigos | Dime con qui\u00e9n andas, y te dir\u00e9 qui\u00e9n eres","og_description":"Con amigos as\u00ed, est\u00e1 claro cu\u00e1les son los intereses de los candidatos republicanos. El Partido Republicano, desde la c\u00fapula hasta la base, se ha radicalizado y ahora le sirve exclusivamente a ese sector electoral extremista y ruidoso liderado por Trump. El expresidente ha dejado muy claro que su visi\u00f3n de pa\u00eds es una en la &hellip; Continue reading \"Sus Amigos\"","og_url":"https:\/\/showmeyourfriends.org\/es\/sus-amigos\/","og_site_name":"Dime con qui\u00e9n andas, y te dir\u00e9 qui\u00e9n eres","article_publisher":"https:\/\/www.facebook.com\/americasvoice","article_modified_time":"2024-06-26T13:40:30+00:00","og_image":[{"width":1200,"height":630,"url":"https:\/\/showmeyourfriends.org\/wp-content\/uploads\/2024\/07\/og-image-dime.jpg","type":"image\/jpeg"}],"twitter_card":"summary_large_image","twitter_site":"@americasvoice","twitter_misc":{"Tiempo de lectura":"1 minuto"},"schema":{"@context":"https:\/\/schema.org","@graph":[{"@type":"WebPage","@id":"https:\/\/showmeyourfriends.org\/es\/sus-amigos\/","url":"https:\/\/showmeyourfriends.org\/es\/sus-amigos\/","name":"Sus Amigos | Dime con qui\u00e9n andas, y te dir\u00e9 qui\u00e9n eres","isPartOf":{"@id":"https:\/\/showmeyourfriends.org\/es\/#website"},"datePublished":"2022-05-20T19:00:55+00:00","dateModified":"2024-06-26T13:40:30+00:00","breadcrumb":{"@id":"https:\/\/showmeyourfriends.org\/es\/sus-amigos\/#breadcrumb"},"inLanguage":"es","potentialAction":[{"@type":"ReadAction","target":["https:\/\/showmeyourfriends.org\/es\/sus-amigos\/"]}]},{"@type":"BreadcrumbList","@id":"https:\/\/showmeyourfriends.org\/es\/sus-amigos\/#breadcrumb","itemListElement":[{"@type":"ListItem","position":1,"name":"Home","item":"https:\/\/showmeyourfriends.org\/es\/"},{"@type":"ListItem","position":2,"name":"Sus Amigos"}]},{"@type":"WebSite","@id":"https:\/\/showmeyourfriends.org\/es\/#website","url":"https:\/\/showmeyourfriends.org\/es\/","name":"Dime con qui\u00e9n andas, y te dir\u00e9 qui\u00e9n eres","description":"Show me your friends and I will show you who you are","publisher":{"@id":"https:\/\/showmeyourfriends.org\/es\/#organization"},"potentialAction":[{"@type":"SearchAction","target":{"@type":"EntryPoint","urlTemplate":"https:\/\/showmeyourfriends.org\/es\/?s={search_term_string}"},"query-input":{"@type":"PropertyValueSpecification","valueRequired":true,"valueName":"search_term_string"}}],"inLanguage":"es"},{"@type":"Organization","@id":"https:\/\/showmeyourfriends.org\/es\/#organization","name":"America's Voice","url":"https:\/\/showmeyourfriends.org\/es\/","logo":{"@type":"ImageObject","inLanguage":"es","@id":"https:\/\/showmeyourfriends.org\/es\/#\/schema\/logo\/image\/","url":"https:\/\/showmeyourfriends.org\/wp-content\/uploads\/2022\/06\/av-logo.png","contentUrl":"https:\/\/showmeyourfriends.org\/wp-content\/uploads\/2022\/06\/av-logo.png","width":3834,"height":1939,"caption":"America's Voice"},"image":{"@id":"https:\/\/showmeyourfriends.org\/es\/#\/schema\/logo\/image\/"},"sameAs":["https:\/\/www.facebook.com\/americasvoice","https:\/\/x.com\/americasvoice"]}]}},"_links":{"self":[{"href":"https:\/\/showmeyourfriends.org\/es\/wp-json\/wp\/v2\/pages\/143","targetHints":{"allow":["GET"]}}],"collection":[{"href":"https:\/\/showmeyourfriends.org\/es\/wp-json\/wp\/v2\/pages"}],"about":[{"href":"https:\/\/showmeyourfriends.org\/es\/wp-json\/wp\/v2\/types\/page"}],"author":[{"embeddable":true,"href":"https:\/\/showmeyourfriends.org\/es\/wp-json\/wp\/v2\/users\/2"}],"replies":[{"embeddable":true,"href":"https:\/\/showmeyourfriends.org\/es\/wp-json\/wp\/v2\/comments?post=143"}],"version-history":[{"count":0,"href":"https:\/\/showmeyourfriends.org\/es\/wp-json\/wp\/v2\/pages\/143\/revisions"}],"wp:attachment":[{"href":"https:\/\/showmeyourfriends.org\/es\/wp-json\/wp\/v2\/media?parent=143"}],"curies":[{"name":"wp","href":"https:\/\/api.w.org\/{rel}","templated":true}]}}