{"id":43,"date":"2022-05-02T15:39:53","date_gmt":"2022-05-02T15:39:53","guid":{"rendered":"https:\/\/americas-voice-show-me-your-friends.local\/dime-con-quien-andas\/"},"modified":"2024-07-02T12:53:10","modified_gmt":"2024-07-02T12:53:10","slug":"dime-con-quien-andas","status":"publish","type":"page","link":"https:\/\/showmeyourfriends.org\/es\/","title":{"rendered":"Dime con qui\u00e9n andas, y te dir\u00e9 qui\u00e9n eres"},"content":{"rendered":"<p style=\"text-align: left;\">No es ning\u00fan secreto que los republicanos est\u00e1n bajo el control extremista de Donald Trump, y esto es especialmente cierto en el tema migratorio. Las huellas de Trump y de sus compinches est\u00e1n presentes en todas las campa\u00f1as republicanas del presente ciclo electoral 2024. Cada candidato republicano al Congreso le ha abierto la puerta a ese extremismo y a la potencial violencia que genera. Todos los republicanos, incluso los que se consideran moderados, son c\u00f3mplices. Estos son sus amigos y eso demuestra qui\u00e9nes son.<\/p>\n","protected":false},"excerpt":{"rendered":"<p>No es ning\u00fan secreto que los republicanos est\u00e1n bajo el control extremista de Donald Trump, y esto es especialmente cierto en el tema migratorio. Las huellas de Trump y de sus compinches est\u00e1n presentes en todas las campa\u00f1as republicanas del presente ciclo electoral 2024. Cada candidato republicano al Congreso le ha abierto la puerta a &hellip; <\/p>\n<p class=\"link-more\"><a href=\"https:\/\/showmeyourfriends.org\/es\/\" class=\"more-link\">Continue reading<span class=\"screen-reader-text\"> \u00abDime con qui\u00e9n andas, y te dir\u00e9 qui\u00e9n eres\u00bb<\/span><\/a><\/p>\n","protected":false},"author":1,"featured_media":0,"parent":0,"menu_order":0,"comment_status":"closed","ping_status":"open","template":"","meta":{"_acf_changed":false,"footnotes":""},"class_list":["post-43","page","type-page","status-publish","hentry"],"acf":[],"yoast_head":"<title>Dime con qui\u00e9n andas, y te dir\u00e9 qui\u00e9n eres<\/title>\n<meta name=\"description\" content=\"No es ning\u00fan secreto que los republicanos est\u00e1n bajo el control extremista de Donald Trump, y esto es especialmente cierto en el tema migratorio. Las huellas de Trump y de sus compinches est\u00e1n presentes en todas las campa\u00f1as republicanas del presente ciclo electoral 2024. Cada candidato republicano al Congreso le ha abierto la puerta a ese extremismo y a la potencial violencia que genera. Todos los republicanos, incluso los que se consideran moderados, son c\u00f3mplices. Estos son sus amigos y eso demuestra qui\u00e9nes son.\" \/>\n<meta name=\"robots\" content=\"index, follow, max-snippet:-1, max-image-preview:large, max-video-preview:-1\" \/>\n<link rel=\"canonical\" href=\"https:\/\/showmeyourfriends.org\/es\/\" \/>\n<meta property=\"og:locale\" content=\"es_ES\" \/>\n<meta property=\"og:type\" content=\"article\" \/>\n<meta property=\"og:title\" content=\"Dime con qui\u00e9n andas, y te dir\u00e9 qui\u00e9n eres\" \/>\n<meta property=\"og:description\" content=\"No es ning\u00fan secreto que los republicanos est\u00e1n bajo el control extremista de Donald Trump, y esto es especialmente cierto en el tema migratorio. Las huellas de Trump y de sus compinches est\u00e1n presentes en todas las campa\u00f1as republicanas del presente ciclo electoral 2024. Cada candidato republicano al Congreso le ha abierto la puerta a ese extremismo y a la potencial violencia que genera. Todos los republicanos, incluso los que se consideran moderados, son c\u00f3mplices. Estos son sus amigos y eso demuestra qui\u00e9nes son.\" \/>\n<meta property=\"og:url\" content=\"https:\/\/showmeyourfriends.org\/es\/\" \/>\n<meta property=\"og:site_name\" content=\"Dime con qui\u00e9n andas, y te dir\u00e9 qui\u00e9n eres\" \/>\n<meta property=\"article:publisher\" content=\"https:\/\/www.facebook.com\/americasvoice\" \/>\n<meta property=\"article:modified_time\" content=\"2024-07-02T12:53:10+00:00\" \/>\n<meta property=\"og:image\" content=\"https:\/\/showmeyourfriends.org\/wp-content\/uploads\/2024\/07\/og-image-dime.jpg\" \/>\n\t<meta property=\"og:image:width\" content=\"1200\" \/>\n\t<meta property=\"og:image:height\" content=\"630\" \/>\n\t<meta property=\"og:image:type\" content=\"image\/jpeg\" \/>\n<meta name=\"twitter:card\" content=\"summary_large_image\" \/>\n<meta name=\"twitter:title\" content=\"Dime Con Qui\u00e9n Andas\" \/>\n<meta name=\"twitter:description\" content=\"Muchos candidatos republicanos pretenden ser buenos guardianes de la seguridad y la prosperidad de nuestras comunidades, pero en los \u00faltimos a\u00f1os los m\u00e1s extremistas elementos han secuestrado al Partido Republicano, creando una situaci\u00f3n en la que cada candidato republicano al Congreso est\u00e1 ayudando al extremismo a empoderarse al centro de su partido.\" \/>\n<meta name=\"twitter:image\" content=\"https:\/\/showmeyourfriends.org\/wp-content\/uploads\/2022\/06\/explainer-es.jpg\" \/>\n<meta name=\"twitter:site\" content=\"@americasvoice\" \/>\n<script type=\"application\/ld+json\" class=\"yoast-schema-graph\">{\"@context\":\"https:\/\/schema.org\",\"@graph\":[{\"@type\":\"WebPage\",\"@id\":\"https:\/\/showmeyourfriends.org\/es\/\",\"url\":\"https:\/\/showmeyourfriends.org\/es\/\",\"name\":\"Dime con qui\u00e9n andas, y te dir\u00e9 qui\u00e9n eres\",\"isPartOf\":{\"@id\":\"https:\/\/showmeyourfriends.org\/es\/#website\"},\"datePublished\":\"2022-05-02T15:39:53+00:00\",\"dateModified\":\"2024-07-02T12:53:10+00:00\",\"description\":\"No es ning\u00fan secreto que los republicanos est\u00e1n bajo el control extremista de Donald Trump, y esto es especialmente cierto en el tema migratorio. Las huellas de Trump y de sus compinches est\u00e1n presentes en todas las campa\u00f1as republicanas del presente ciclo electoral 2024. Cada candidato republicano al Congreso le ha abierto la puerta a ese extremismo y a la potencial violencia que genera. Todos los republicanos, incluso los que se consideran moderados, son c\u00f3mplices. Estos son sus amigos y eso demuestra qui\u00e9nes son.\",\"breadcrumb\":{\"@id\":\"https:\/\/showmeyourfriends.org\/es\/#breadcrumb\"},\"inLanguage\":\"es\",\"potentialAction\":[{\"@type\":\"ReadAction\",\"target\":[\"https:\/\/showmeyourfriends.org\/es\/\"]}]},{\"@type\":\"BreadcrumbList\",\"@id\":\"https:\/\/showmeyourfriends.org\/es\/#breadcrumb\",\"itemListElement\":[{\"@type\":\"ListItem\",\"position\":1,\"name\":\"Home\",\"item\":\"https:\/\/showmeyourfriends.org\/es\/\"},{\"@type\":\"ListItem\",\"position\":2,\"name\":\"Dime con qui\u00e9n andas, y te dir\u00e9 qui\u00e9n eres\"}]},{\"@type\":\"WebSite\",\"@id\":\"https:\/\/showmeyourfriends.org\/es\/#website\",\"url\":\"https:\/\/showmeyourfriends.org\/es\/\",\"name\":\"Dime con qui\u00e9n andas, y te dir\u00e9 qui\u00e9n eres\",\"description\":\"Show me your friends and I will show you who you are\",\"publisher\":{\"@id\":\"https:\/\/showmeyourfriends.org\/es\/#organization\"},\"potentialAction\":[{\"@type\":\"SearchAction\",\"target\":{\"@type\":\"EntryPoint\",\"urlTemplate\":\"https:\/\/showmeyourfriends.org\/es\/?s={search_term_string}\"},\"query-input\":{\"@type\":\"PropertyValueSpecification\",\"valueRequired\":true,\"valueName\":\"search_term_string\"}}],\"inLanguage\":\"es\"},{\"@type\":\"Organization\",\"@id\":\"https:\/\/showmeyourfriends.org\/es\/#organization\",\"name\":\"America's Voice\",\"url\":\"https:\/\/showmeyourfriends.org\/es\/\",\"logo\":{\"@type\":\"ImageObject\",\"inLanguage\":\"es\",\"@id\":\"https:\/\/showmeyourfriends.org\/es\/#\/schema\/logo\/image\/\",\"url\":\"https:\/\/showmeyourfriends.org\/wp-content\/uploads\/2022\/06\/av-logo.png\",\"contentUrl\":\"https:\/\/showmeyourfriends.org\/wp-content\/uploads\/2022\/06\/av-logo.png\",\"width\":3834,\"height\":1939,\"caption\":\"America's Voice\"},\"image\":{\"@id\":\"https:\/\/showmeyourfriends.org\/es\/#\/schema\/logo\/image\/\"},\"sameAs\":[\"https:\/\/www.facebook.com\/americasvoice\",\"https:\/\/x.com\/americasvoice\"]}]}<\/script>","yoast_head_json":{"title":"Dime con qui\u00e9n andas, y te dir\u00e9 qui\u00e9n eres","description":"No es ning\u00fan secreto que los republicanos est\u00e1n bajo el control extremista de Donald Trump, y esto es especialmente cierto en el tema migratorio. Las huellas de Trump y de sus compinches est\u00e1n presentes en todas las campa\u00f1as republicanas del presente ciclo electoral 2024. Cada candidato republicano al Congreso le ha abierto la puerta a ese extremismo y a la potencial violencia que genera. Todos los republicanos, incluso los que se consideran moderados, son c\u00f3mplices. Estos son sus amigos y eso demuestra qui\u00e9nes son.","robots":{"index":"index","follow":"follow","max-snippet":"max-snippet:-1","max-image-preview":"max-image-preview:large","max-video-preview":"max-video-preview:-1"},"canonical":"https:\/\/showmeyourfriends.org\/es\/","og_locale":"es_ES","og_type":"article","og_title":"Dime con qui\u00e9n andas, y te dir\u00e9 qui\u00e9n eres","og_description":"No es ning\u00fan secreto que los republicanos est\u00e1n bajo el control extremista de Donald Trump, y esto es especialmente cierto en el tema migratorio. Las huellas de Trump y de sus compinches est\u00e1n presentes en todas las campa\u00f1as republicanas del presente ciclo electoral 2024. Cada candidato republicano al Congreso le ha abierto la puerta a ese extremismo y a la potencial violencia que genera. Todos los republicanos, incluso los que se consideran moderados, son c\u00f3mplices. Estos son sus amigos y eso demuestra qui\u00e9nes son.","og_url":"https:\/\/showmeyourfriends.org\/es\/","og_site_name":"Dime con qui\u00e9n andas, y te dir\u00e9 qui\u00e9n eres","article_publisher":"https:\/\/www.facebook.com\/americasvoice","article_modified_time":"2024-07-02T12:53:10+00:00","og_image":[{"width":1200,"height":630,"url":"https:\/\/showmeyourfriends.org\/wp-content\/uploads\/2024\/07\/og-image-dime.jpg","type":"image\/jpeg"}],"twitter_card":"summary_large_image","twitter_title":"Dime Con Qui\u00e9n Andas","twitter_description":"Muchos candidatos republicanos pretenden ser buenos guardianes de la seguridad y la prosperidad de nuestras comunidades, pero en los \u00faltimos a\u00f1os los m\u00e1s extremistas elementos han secuestrado al Partido Republicano, creando una situaci\u00f3n en la que cada candidato republicano al Congreso est\u00e1 ayudando al extremismo a empoderarse al centro de su partido.","twitter_image":"https:\/\/showmeyourfriends.org\/wp-content\/uploads\/2022\/06\/explainer-es.jpg","twitter_site":"@americasvoice","schema":{"@context":"https:\/\/schema.org","@graph":[{"@type":"WebPage","@id":"https:\/\/showmeyourfriends.org\/es\/","url":"https:\/\/showmeyourfriends.org\/es\/","name":"Dime con qui\u00e9n andas, y te dir\u00e9 qui\u00e9n eres","isPartOf":{"@id":"https:\/\/showmeyourfriends.org\/es\/#website"},"datePublished":"2022-05-02T15:39:53+00:00","dateModified":"2024-07-02T12:53:10+00:00","description":"No es ning\u00fan secreto que los republicanos est\u00e1n bajo el control extremista de Donald Trump, y esto es especialmente cierto en el tema migratorio. Las huellas de Trump y de sus compinches est\u00e1n presentes en todas las campa\u00f1as republicanas del presente ciclo electoral 2024. Cada candidato republicano al Congreso le ha abierto la puerta a ese extremismo y a la potencial violencia que genera. Todos los republicanos, incluso los que se consideran moderados, son c\u00f3mplices. Estos son sus amigos y eso demuestra qui\u00e9nes son.","breadcrumb":{"@id":"https:\/\/showmeyourfriends.org\/es\/#breadcrumb"},"inLanguage":"es","potentialAction":[{"@type":"ReadAction","target":["https:\/\/showmeyourfriends.org\/es\/"]}]},{"@type":"BreadcrumbList","@id":"https:\/\/showmeyourfriends.org\/es\/#breadcrumb","itemListElement":[{"@type":"ListItem","position":1,"name":"Home","item":"https:\/\/showmeyourfriends.org\/es\/"},{"@type":"ListItem","position":2,"name":"Dime con qui\u00e9n andas, y te dir\u00e9 qui\u00e9n eres"}]},{"@type":"WebSite","@id":"https:\/\/showmeyourfriends.org\/es\/#website","url":"https:\/\/showmeyourfriends.org\/es\/","name":"Dime con qui\u00e9n andas, y te dir\u00e9 qui\u00e9n eres","description":"Show me your friends and I will show you who you are","publisher":{"@id":"https:\/\/showmeyourfriends.org\/es\/#organization"},"potentialAction":[{"@type":"SearchAction","target":{"@type":"EntryPoint","urlTemplate":"https:\/\/showmeyourfriends.org\/es\/?s={search_term_string}"},"query-input":{"@type":"PropertyValueSpecification","valueRequired":true,"valueName":"search_term_string"}}],"inLanguage":"es"},{"@type":"Organization","@id":"https:\/\/showmeyourfriends.org\/es\/#organization","name":"America's Voice","url":"https:\/\/showmeyourfriends.org\/es\/","logo":{"@type":"ImageObject","inLanguage":"es","@id":"https:\/\/showmeyourfriends.org\/es\/#\/schema\/logo\/image\/","url":"https:\/\/showmeyourfriends.org\/wp-content\/uploads\/2022\/06\/av-logo.png","contentUrl":"https:\/\/showmeyourfriends.org\/wp-content\/uploads\/2022\/06\/av-logo.png","width":3834,"height":1939,"caption":"America's Voice"},"image":{"@id":"https:\/\/showmeyourfriends.org\/es\/#\/schema\/logo\/image\/"},"sameAs":["https:\/\/www.facebook.com\/americasvoice","https:\/\/x.com\/americasvoice"]}]}},"_links":{"self":[{"href":"https:\/\/showmeyourfriends.org\/es\/wp-json\/wp\/v2\/pages\/43","targetHints":{"allow":["GET"]}}],"collection":[{"href":"https:\/\/showmeyourfriends.org\/es\/wp-json\/wp\/v2\/pages"}],"about":[{"href":"https:\/\/showmeyourfriends.org\/es\/wp-json\/wp\/v2\/types\/page"}],"author":[{"embeddable":true,"href":"https:\/\/showmeyourfriends.org\/es\/wp-json\/wp\/v2\/users\/1"}],"replies":[{"embeddable":true,"href":"https:\/\/showmeyourfriends.org\/es\/wp-json\/wp\/v2\/comments?post=43"}],"version-history":[{"count":0,"href":"https:\/\/showmeyourfriends.org\/es\/wp-json\/wp\/v2\/pages\/43\/revisions"}],"wp:attachment":[{"href":"https:\/\/showmeyourfriends.org\/es\/wp-json\/wp\/v2\/media?parent=43"}],"curies":[{"name":"wp","href":"https:\/\/api.w.org\/{rel}","templated":true}]}}